{"id":932,"date":"2021-12-03T21:03:14","date_gmt":"2021-12-03T20:03:14","guid":{"rendered":"https:\/\/ulca-project.pf.ku.sk\/en\/?page_id=932"},"modified":"2023-03-24T17:36:26","modified_gmt":"2023-03-24T16:36:26","slug":"hodnotenie-manazera-a-prehlad-timu-sk","status":"publish","type":"page","link":"https:\/\/ulca-project.pf.ku.sk\/en\/hodnotenie-manazera-a-prehlad-timu-sk\/","title":{"rendered":"HODNOTENIE MANA\u017d\u00c9RA A PREH\u013dAD T\u00cdMU (SK)"},"content":{"rendered":"\t\t<div data-elementor-type=\"wp-page\" data-elementor-id=\"932\" class=\"elementor elementor-932\">\n\t\t\t\t\t\t<section class=\"elementor-section elementor-top-section elementor-element elementor-element-4a4c158 elementor-section-boxed elementor-section-height-default elementor-section-height-default\" data-id=\"4a4c158\" data-element_type=\"section\">\n\t\t\t\t\t\t<div class=\"elementor-container elementor-column-gap-default\">\n\t\t\t\t\t<div class=\"elementor-column elementor-col-100 elementor-top-column elementor-element elementor-element-be859d3\" data-id=\"be859d3\" data-element_type=\"column\">\n\t\t\t<div class=\"elementor-widget-wrap elementor-element-populated\">\n\t\t\t\t\t\t<div class=\"elementor-element elementor-element-4a35faf elementor-widget elementor-widget-text-editor\" data-id=\"4a35faf\" data-element_type=\"widget\" data-widget_type=\"text-editor.default\">\n\t\t\t\t<div class=\"elementor-widget-container\">\n\t\t\t\t\t\t\t\t\t<h4><span style=\"font-size: 14pt;\"><span style=\"color: #000000;\"><strong><span style=\"font-size: 24pt;\">STE MANA\u017d\u00c9R\/RIADITE\u013d<\/span><\/strong><\/span><\/span><\/h4><h4><span style=\"font-size: 14pt;\"><span style=\"color: #000000;\">T\u00e1to oblas\u0165 je ur\u010den\u00e1 pre zamestn\u00e1vate\u013eov a akademick\u00fdch mana\u017e\u00e9rov na \u0161kol\u00e1ch a je ur\u010den\u00e1 na podporu kari\u00e9ry a profesion\u00e1lneho rozvoja u\u010dite\u013eov prostredn\u00edctvom LCA TDF. Umo\u017e\u0148uje tie\u017e vytv\u00e1ra\u0165 profily t\u00edmov u\u010dite\u013eov pod\u013ea kateg\u00f3rie kompetenci\u00ed a pod\u013ea jednotliv\u00fdch u\u010dite\u013eov.<\/span><\/span><\/h4>\t\t\t\t\t\t\t\t<\/div>\n\t\t\t\t<\/div>\n\t\t\t\t\t<\/div>\n\t\t<\/div>\n\t\t\t\t\t<\/div>\n\t\t<\/section>\n\t\t\t\t<section class=\"elementor-section elementor-top-section elementor-element elementor-element-b531f68 elementor-section-boxed elementor-section-height-default elementor-section-height-default\" data-id=\"b531f68\" data-element_type=\"section\">\n\t\t\t\t\t\t<div class=\"elementor-container elementor-column-gap-default\">\n\t\t\t\t\t<div class=\"elementor-column elementor-col-66 elementor-top-column elementor-element elementor-element-92c4f7a\" data-id=\"92c4f7a\" data-element_type=\"column\">\n\t\t\t<div class=\"elementor-widget-wrap elementor-element-populated\">\n\t\t\t\t\t\t<div class=\"elementor-element elementor-element-2fafd81 elementor-widget elementor-widget-image\" data-id=\"2fafd81\" data-element_type=\"widget\" data-widget_type=\"image.default\">\n\t\t\t\t<div class=\"elementor-widget-container\">\n\t\t\t\t\t\t\t\t\t\t\t\t\t\t\t<img fetchpriority=\"high\" decoding=\"async\" width=\"640\" height=\"427\" src=\"https:\/\/ulca-project.pf.ku.sk\/en\/wp-content\/uploads\/sites\/2\/2021\/09\/manager-768x512.jpg\" class=\"attachment-medium_large size-medium_large wp-image-67\" alt=\"\" srcset=\"https:\/\/ulca-project.pf.ku.sk\/en\/wp-content\/uploads\/sites\/2\/2021\/09\/manager-768x512.jpg 768w, https:\/\/ulca-project.pf.ku.sk\/en\/wp-content\/uploads\/sites\/2\/2021\/09\/manager-300x200.jpg 300w, https:\/\/ulca-project.pf.ku.sk\/en\/wp-content\/uploads\/sites\/2\/2021\/09\/manager-1024x682.jpg 1024w, https:\/\/ulca-project.pf.ku.sk\/en\/wp-content\/uploads\/sites\/2\/2021\/09\/manager-1536x1024.jpg 1536w, https:\/\/ulca-project.pf.ku.sk\/en\/wp-content\/uploads\/sites\/2\/2021\/09\/manager.jpg 2000w\" sizes=\"(max-width: 640px) 100vw, 640px\" \/>\t\t\t\t\t\t\t\t\t\t\t\t\t\t\t<\/div>\n\t\t\t\t<\/div>\n\t\t\t\t\t<\/div>\n\t\t<\/div>\n\t\t\t\t<div class=\"elementor-column elementor-col-33 elementor-top-column elementor-element elementor-element-651143b\" data-id=\"651143b\" data-element_type=\"column\">\n\t\t\t<div class=\"elementor-widget-wrap elementor-element-populated\">\n\t\t\t\t\t\t<div class=\"elementor-element elementor-element-e47b575 elementor-align-center elementor-widget elementor-widget-button\" data-id=\"e47b575\" data-element_type=\"widget\" data-widget_type=\"button.default\">\n\t\t\t\t<div class=\"elementor-widget-container\">\n\t\t\t\t\t\t\t\t\t<div class=\"elementor-button-wrapper\">\n\t\t\t\t\t<a class=\"elementor-button elementor-size-xl\" role=\"button\">\n\t\t\t\t\t\t<span class=\"elementor-button-content-wrapper\">\n\t\t\t\t\t\t\t\t\t<span class=\"elementor-button-text\">Vytvorte si profil u\u010dite\u013ea, do sekcie \u201eInform\u00e1cie o riadite\u013eovi \u0161koly\u201c pridajte meno mana\u017e\u00e9ra a in\u0161tit\u00faciu, kde prebieha v\u00fdu\u010dba. V\u00fdsledok si budete m\u00f4c\u0165 ulo\u017ei\u0165 vo form\u00e1te PDF.<\/span>\n\t\t\t\t\t<\/span>\n\t\t\t\t\t<\/a>\n\t\t\t\t<\/div>\n\t\t\t\t\t\t\t\t<\/div>\n\t\t\t\t<\/div>\n\t\t\t\t<div class=\"elementor-element elementor-element-6d67fdd elementor-widget elementor-widget-eael-creative-button\" data-id=\"6d67fdd\" data-element_type=\"widget\" data-widget_type=\"eael-creative-button.default\">\n\t\t\t\t<div class=\"elementor-widget-container\">\n\t\t\t\t\t        <div class=\"eael-creative-button-wrapper\">\n\n            <a class=\"eael-creative-button eael-creative-button--default\" href=\"https:\/\/ulca-project.pf.ku.sk\/en\/prebieha-hodnotenie-manazera-a-prehlad-timu-sk\/\" data-text=\"\">\n\n\t    \n                <div class=\"creative-button-inner\">\n\n                                            <span class=\"eael-creative-button-icon-left\"><i aria-hidden=\"true\" class=\"far fa-arrow-alt-circle-right\"><\/i><\/span>                    \n                    <span class=\"cretive-button-text\">ZA\u010cA\u0164 NOV\u00c9 HODNOTENIE<\/span>\n\n                                    <\/div>\n\t                        <\/a>\n        <\/div>\n        \t\t\t\t<\/div>\n\t\t\t\t<\/div>\n\t\t\t\t\t<\/div>\n\t\t<\/div>\n\t\t\t\t\t<\/div>\n\t\t<\/section>\n\t\t\t\t<\/div>\n\t\t","protected":false},"excerpt":{"rendered":"<p>STE MANA\u017d\u00c9R\/RIADITE\u013d T\u00e1to oblas\u0165 je ur\u010den\u00e1 pre zamestn\u00e1vate\u013eov a akademick\u00fdch mana\u017e\u00e9rov na \u0161kol\u00e1ch a je ur\u010den\u00e1 na podporu kari\u00e9ry a profesion\u00e1lneho rozvoja u\u010dite\u013eov prostredn\u00edctvom LCA TDF. Umo\u017e\u0148uje tie\u017e vytv\u00e1ra\u0165 profily t\u00edmov u\u010dite\u013eov pod\u013ea kateg\u00f3rie kompetenci\u00ed a pod\u013ea jednotliv\u00fdch u\u010dite\u013eov. Vytvorte si profil u\u010dite\u013ea, do sekcie \u201eInform\u00e1cie o riadite\u013eovi \u0161koly\u201c pridajte meno mana\u017e\u00e9ra a in\u0161tit\u00faciu, kde [&hellip;]<\/p>\n","protected":false},"author":1,"featured_media":0,"parent":0,"menu_order":0,"comment_status":"closed","ping_status":"closed","template":"","meta":{"_monsterinsights_skip_tracking":false,"_monsterinsights_sitenote_active":false,"_monsterinsights_sitenote_note":"","_monsterinsights_sitenote_category":0,"footnotes":""},"class_list":["post-932","page","type-page","status-publish","hentry"],"yoast_head":"<!-- This site is optimized with the Yoast SEO plugin v25.4 - https:\/\/yoast.com\/wordpress\/plugins\/seo\/ -->\n<title>HODNOTENIE MANA\u017d\u00c9RA A PREH\u013dAD T\u00cdMU (SK) - Welcome to the Learner-centred Approach<\/title>\n<meta name=\"robots\" content=\"index, follow, max-snippet:-1, max-image-preview:large, max-video-preview:-1\" \/>\n<link rel=\"canonical\" href=\"https:\/\/ulca-project.pf.ku.sk\/en\/hodnotenie-manazera-a-prehlad-timu-sk\/\" \/>\n<meta property=\"og:locale\" content=\"en_US\" \/>\n<meta property=\"og:type\" content=\"article\" \/>\n<meta property=\"og:title\" content=\"HODNOTENIE MANA\u017d\u00c9RA A PREH\u013dAD T\u00cdMU (SK) - Welcome to the Learner-centred Approach\" \/>\n<meta property=\"og:description\" content=\"STE MANA\u017d\u00c9R\/RIADITE\u013d T\u00e1to oblas\u0165 je ur\u010den\u00e1 pre zamestn\u00e1vate\u013eov a akademick\u00fdch mana\u017e\u00e9rov na \u0161kol\u00e1ch a je ur\u010den\u00e1 na podporu kari\u00e9ry a profesion\u00e1lneho rozvoja u\u010dite\u013eov prostredn\u00edctvom LCA TDF. Umo\u017e\u0148uje tie\u017e vytv\u00e1ra\u0165 profily t\u00edmov u\u010dite\u013eov pod\u013ea kateg\u00f3rie kompetenci\u00ed a pod\u013ea jednotliv\u00fdch u\u010dite\u013eov. Vytvorte si profil u\u010dite\u013ea, do sekcie \u201eInform\u00e1cie o riadite\u013eovi \u0161koly\u201c pridajte meno mana\u017e\u00e9ra a in\u0161tit\u00faciu, kde [&hellip;]\" \/>\n<meta property=\"og:url\" content=\"https:\/\/ulca-project.pf.ku.sk\/en\/hodnotenie-manazera-a-prehlad-timu-sk\/\" \/>\n<meta property=\"og:site_name\" content=\"Welcome to the Learner-centred Approach\" \/>\n<meta property=\"article:modified_time\" content=\"2023-03-24T16:36:26+00:00\" \/>\n<meta property=\"og:image\" content=\"https:\/\/ulca-project.pf.ku.sk\/en\/wp-content\/uploads\/sites\/2\/2021\/09\/manager-768x512.jpg\" \/>\n<meta name=\"twitter:card\" content=\"summary_large_image\" \/>\n<meta name=\"twitter:label1\" content=\"Est. reading time\" \/>\n\t<meta name=\"twitter:data1\" content=\"1 minute\" \/>\n<script type=\"application\/ld+json\" class=\"yoast-schema-graph\">{\"@context\":\"https:\/\/schema.org\",\"@graph\":[{\"@type\":\"WebPage\",\"@id\":\"https:\/\/ulca-project.pf.ku.sk\/en\/hodnotenie-manazera-a-prehlad-timu-sk\/\",\"url\":\"https:\/\/ulca-project.pf.ku.sk\/en\/hodnotenie-manazera-a-prehlad-timu-sk\/\",\"name\":\"HODNOTENIE MANA\u017d\u00c9RA A PREH\u013dAD T\u00cdMU (SK) - Welcome to the Learner-centred Approach\",\"isPartOf\":{\"@id\":\"https:\/\/ulca-project.pf.ku.sk\/en\/#website\"},\"primaryImageOfPage\":{\"@id\":\"https:\/\/ulca-project.pf.ku.sk\/en\/hodnotenie-manazera-a-prehlad-timu-sk\/#primaryimage\"},\"image\":{\"@id\":\"https:\/\/ulca-project.pf.ku.sk\/en\/hodnotenie-manazera-a-prehlad-timu-sk\/#primaryimage\"},\"thumbnailUrl\":\"https:\/\/ulca-project.pf.ku.sk\/en\/wp-content\/uploads\/sites\/2\/2021\/09\/manager-768x512.jpg\",\"datePublished\":\"2021-12-03T20:03:14+00:00\",\"dateModified\":\"2023-03-24T16:36:26+00:00\",\"breadcrumb\":{\"@id\":\"https:\/\/ulca-project.pf.ku.sk\/en\/hodnotenie-manazera-a-prehlad-timu-sk\/#breadcrumb\"},\"inLanguage\":\"en-US\",\"potentialAction\":[{\"@type\":\"ReadAction\",\"target\":[\"https:\/\/ulca-project.pf.ku.sk\/en\/hodnotenie-manazera-a-prehlad-timu-sk\/\"]}]},{\"@type\":\"ImageObject\",\"inLanguage\":\"en-US\",\"@id\":\"https:\/\/ulca-project.pf.ku.sk\/en\/hodnotenie-manazera-a-prehlad-timu-sk\/#primaryimage\",\"url\":\"https:\/\/ulca-project.pf.ku.sk\/en\/wp-content\/uploads\/sites\/2\/2021\/09\/manager.jpg\",\"contentUrl\":\"https:\/\/ulca-project.pf.ku.sk\/en\/wp-content\/uploads\/sites\/2\/2021\/09\/manager.jpg\",\"width\":2000,\"height\":1333},{\"@type\":\"BreadcrumbList\",\"@id\":\"https:\/\/ulca-project.pf.ku.sk\/en\/hodnotenie-manazera-a-prehlad-timu-sk\/#breadcrumb\",\"itemListElement\":[{\"@type\":\"ListItem\",\"position\":1,\"name\":\"Domovsk\u00e1 str\u00e1nka\",\"item\":\"https:\/\/ulca-project.pf.ku.sk\/en\/\"},{\"@type\":\"ListItem\",\"position\":2,\"name\":\"HODNOTENIE MANA\u017d\u00c9RA A PREH\u013dAD T\u00cdMU (SK)\"}]},{\"@type\":\"WebSite\",\"@id\":\"https:\/\/ulca-project.pf.ku.sk\/en\/#website\",\"url\":\"https:\/\/ulca-project.pf.ku.sk\/en\/\",\"name\":\"Welcome to the Learner-centred Approach\",\"description\":\"ULCA Assessment site\",\"publisher\":{\"@id\":\"https:\/\/ulca-project.pf.ku.sk\/en\/#organization\"},\"potentialAction\":[{\"@type\":\"SearchAction\",\"target\":{\"@type\":\"EntryPoint\",\"urlTemplate\":\"https:\/\/ulca-project.pf.ku.sk\/en\/?s={search_term_string}\"},\"query-input\":{\"@type\":\"PropertyValueSpecification\",\"valueRequired\":true,\"valueName\":\"search_term_string\"}}],\"inLanguage\":\"en-US\"},{\"@type\":\"Organization\",\"@id\":\"https:\/\/ulca-project.pf.ku.sk\/en\/#organization\",\"name\":\"Catholic University in Ruzomberok, Faculty of Education\",\"url\":\"https:\/\/ulca-project.pf.ku.sk\/en\/\",\"logo\":{\"@type\":\"ImageObject\",\"inLanguage\":\"en-US\",\"@id\":\"https:\/\/ulca-project.pf.ku.sk\/en\/#\/schema\/logo\/image\/\",\"url\":\"https:\/\/ulca-project.pf.ku.sk\/en\/wp-content\/uploads\/sites\/2\/2021\/09\/ku-logo.png\",\"contentUrl\":\"https:\/\/ulca-project.pf.ku.sk\/en\/wp-content\/uploads\/sites\/2\/2021\/09\/ku-logo.png\",\"width\":1001,\"height\":1001,\"caption\":\"Catholic University in Ruzomberok, Faculty of Education\"},\"image\":{\"@id\":\"https:\/\/ulca-project.pf.ku.sk\/en\/#\/schema\/logo\/image\/\"}}]}<\/script>\n<!-- \/ Yoast SEO plugin. -->","yoast_head_json":{"title":"HODNOTENIE MANA\u017d\u00c9RA A PREH\u013dAD T\u00cdMU (SK) - Welcome to the Learner-centred Approach","robots":{"index":"index","follow":"follow","max-snippet":"max-snippet:-1","max-image-preview":"max-image-preview:large","max-video-preview":"max-video-preview:-1"},"canonical":"https:\/\/ulca-project.pf.ku.sk\/en\/hodnotenie-manazera-a-prehlad-timu-sk\/","og_locale":"en_US","og_type":"article","og_title":"HODNOTENIE MANA\u017d\u00c9RA A PREH\u013dAD T\u00cdMU (SK) - Welcome to the Learner-centred Approach","og_description":"STE MANA\u017d\u00c9R\/RIADITE\u013d T\u00e1to oblas\u0165 je ur\u010den\u00e1 pre zamestn\u00e1vate\u013eov a akademick\u00fdch mana\u017e\u00e9rov na \u0161kol\u00e1ch a je ur\u010den\u00e1 na podporu kari\u00e9ry a profesion\u00e1lneho rozvoja u\u010dite\u013eov prostredn\u00edctvom LCA TDF. Umo\u017e\u0148uje tie\u017e vytv\u00e1ra\u0165 profily t\u00edmov u\u010dite\u013eov pod\u013ea kateg\u00f3rie kompetenci\u00ed a pod\u013ea jednotliv\u00fdch u\u010dite\u013eov. Vytvorte si profil u\u010dite\u013ea, do sekcie \u201eInform\u00e1cie o riadite\u013eovi \u0161koly\u201c pridajte meno mana\u017e\u00e9ra a in\u0161tit\u00faciu, kde [&hellip;]","og_url":"https:\/\/ulca-project.pf.ku.sk\/en\/hodnotenie-manazera-a-prehlad-timu-sk\/","og_site_name":"Welcome to the Learner-centred Approach","article_modified_time":"2023-03-24T16:36:26+00:00","og_image":[{"url":"https:\/\/ulca-project.pf.ku.sk\/en\/wp-content\/uploads\/sites\/2\/2021\/09\/manager-768x512.jpg","type":"","width":"","height":""}],"twitter_card":"summary_large_image","twitter_misc":{"Est. reading time":"1 minute"},"schema":{"@context":"https:\/\/schema.org","@graph":[{"@type":"WebPage","@id":"https:\/\/ulca-project.pf.ku.sk\/en\/hodnotenie-manazera-a-prehlad-timu-sk\/","url":"https:\/\/ulca-project.pf.ku.sk\/en\/hodnotenie-manazera-a-prehlad-timu-sk\/","name":"HODNOTENIE MANA\u017d\u00c9RA A PREH\u013dAD T\u00cdMU (SK) - Welcome to the Learner-centred Approach","isPartOf":{"@id":"https:\/\/ulca-project.pf.ku.sk\/en\/#website"},"primaryImageOfPage":{"@id":"https:\/\/ulca-project.pf.ku.sk\/en\/hodnotenie-manazera-a-prehlad-timu-sk\/#primaryimage"},"image":{"@id":"https:\/\/ulca-project.pf.ku.sk\/en\/hodnotenie-manazera-a-prehlad-timu-sk\/#primaryimage"},"thumbnailUrl":"https:\/\/ulca-project.pf.ku.sk\/en\/wp-content\/uploads\/sites\/2\/2021\/09\/manager-768x512.jpg","datePublished":"2021-12-03T20:03:14+00:00","dateModified":"2023-03-24T16:36:26+00:00","breadcrumb":{"@id":"https:\/\/ulca-project.pf.ku.sk\/en\/hodnotenie-manazera-a-prehlad-timu-sk\/#breadcrumb"},"inLanguage":"en-US","potentialAction":[{"@type":"ReadAction","target":["https:\/\/ulca-project.pf.ku.sk\/en\/hodnotenie-manazera-a-prehlad-timu-sk\/"]}]},{"@type":"ImageObject","inLanguage":"en-US","@id":"https:\/\/ulca-project.pf.ku.sk\/en\/hodnotenie-manazera-a-prehlad-timu-sk\/#primaryimage","url":"https:\/\/ulca-project.pf.ku.sk\/en\/wp-content\/uploads\/sites\/2\/2021\/09\/manager.jpg","contentUrl":"https:\/\/ulca-project.pf.ku.sk\/en\/wp-content\/uploads\/sites\/2\/2021\/09\/manager.jpg","width":2000,"height":1333},{"@type":"BreadcrumbList","@id":"https:\/\/ulca-project.pf.ku.sk\/en\/hodnotenie-manazera-a-prehlad-timu-sk\/#breadcrumb","itemListElement":[{"@type":"ListItem","position":1,"name":"Domovsk\u00e1 str\u00e1nka","item":"https:\/\/ulca-project.pf.ku.sk\/en\/"},{"@type":"ListItem","position":2,"name":"HODNOTENIE MANA\u017d\u00c9RA A PREH\u013dAD T\u00cdMU (SK)"}]},{"@type":"WebSite","@id":"https:\/\/ulca-project.pf.ku.sk\/en\/#website","url":"https:\/\/ulca-project.pf.ku.sk\/en\/","name":"Welcome to the Learner-centred Approach","description":"ULCA Assessment site","publisher":{"@id":"https:\/\/ulca-project.pf.ku.sk\/en\/#organization"},"potentialAction":[{"@type":"SearchAction","target":{"@type":"EntryPoint","urlTemplate":"https:\/\/ulca-project.pf.ku.sk\/en\/?s={search_term_string}"},"query-input":{"@type":"PropertyValueSpecification","valueRequired":true,"valueName":"search_term_string"}}],"inLanguage":"en-US"},{"@type":"Organization","@id":"https:\/\/ulca-project.pf.ku.sk\/en\/#organization","name":"Catholic University in Ruzomberok, Faculty of Education","url":"https:\/\/ulca-project.pf.ku.sk\/en\/","logo":{"@type":"ImageObject","inLanguage":"en-US","@id":"https:\/\/ulca-project.pf.ku.sk\/en\/#\/schema\/logo\/image\/","url":"https:\/\/ulca-project.pf.ku.sk\/en\/wp-content\/uploads\/sites\/2\/2021\/09\/ku-logo.png","contentUrl":"https:\/\/ulca-project.pf.ku.sk\/en\/wp-content\/uploads\/sites\/2\/2021\/09\/ku-logo.png","width":1001,"height":1001,"caption":"Catholic University in Ruzomberok, Faculty of Education"},"image":{"@id":"https:\/\/ulca-project.pf.ku.sk\/en\/#\/schema\/logo\/image\/"}}]}},"_links":{"self":[{"href":"https:\/\/ulca-project.pf.ku.sk\/en\/wp-json\/wp\/v2\/pages\/932","targetHints":{"allow":["GET"]}}],"collection":[{"href":"https:\/\/ulca-project.pf.ku.sk\/en\/wp-json\/wp\/v2\/pages"}],"about":[{"href":"https:\/\/ulca-project.pf.ku.sk\/en\/wp-json\/wp\/v2\/types\/page"}],"author":[{"embeddable":true,"href":"https:\/\/ulca-project.pf.ku.sk\/en\/wp-json\/wp\/v2\/users\/1"}],"replies":[{"embeddable":true,"href":"https:\/\/ulca-project.pf.ku.sk\/en\/wp-json\/wp\/v2\/comments?post=932"}],"version-history":[{"count":19,"href":"https:\/\/ulca-project.pf.ku.sk\/en\/wp-json\/wp\/v2\/pages\/932\/revisions"}],"predecessor-version":[{"id":1238,"href":"https:\/\/ulca-project.pf.ku.sk\/en\/wp-json\/wp\/v2\/pages\/932\/revisions\/1238"}],"wp:attachment":[{"href":"https:\/\/ulca-project.pf.ku.sk\/en\/wp-json\/wp\/v2\/media?parent=932"}],"curies":[{"name":"wp","href":"https:\/\/api.w.org\/{rel}","templated":true}]}}