{"id":922,"date":"2021-12-03T20:57:34","date_gmt":"2021-12-03T19:57:34","guid":{"rendered":"https:\/\/ulca-project.pf.ku.sk\/en\/?page_id=922"},"modified":"2023-03-24T17:16:05","modified_gmt":"2023-03-24T16:16:05","slug":"sebahodnotenie-ucitela-sk","status":"publish","type":"page","link":"https:\/\/ulca-project.pf.ku.sk\/en\/sebahodnotenie-ucitela-sk\/","title":{"rendered":"SEBAHODNOTENIE U\u010cITE\u013dA (SK)"},"content":{"rendered":"\t\t<div data-elementor-type=\"wp-page\" data-elementor-id=\"922\" class=\"elementor elementor-922\">\n\t\t\t\t\t\t<section class=\"elementor-section elementor-top-section elementor-element elementor-element-8a65db9 elementor-section-boxed elementor-section-height-default elementor-section-height-default\" data-id=\"8a65db9\" data-element_type=\"section\">\n\t\t\t\t\t\t<div class=\"elementor-container elementor-column-gap-default\">\n\t\t\t\t\t<div class=\"elementor-column elementor-col-100 elementor-top-column elementor-element elementor-element-c706834\" data-id=\"c706834\" data-element_type=\"column\">\n\t\t\t<div class=\"elementor-widget-wrap elementor-element-populated\">\n\t\t\t\t\t\t<div class=\"elementor-element elementor-element-5585bc3 elementor-widget elementor-widget-text-editor\" data-id=\"5585bc3\" data-element_type=\"widget\" data-widget_type=\"text-editor.default\">\n\t\t\t\t<div class=\"elementor-widget-container\">\n\t\t\t\t\t\t\t\t\t<h4><span style=\"color: #000000;\"><strong><span style=\"font-size: 24pt;\">STE U\u010cITE\u013d<\/span><\/strong><\/span><\/h4><h4><span style=\"font-size: 14pt; color: #000000;\">Tu m\u00f4\u017eete ohodnoti\u0165 va\u0161e kompetencie vo v\u0161etk\u00fdch oblastiach rozvoja. M\u00f4\u017eete tie\u017e identifikova\u0165 cesty rozvoja po\u010das va\u0161ej kari\u00e9ry.<\/span><\/h4>\t\t\t\t\t\t\t\t<\/div>\n\t\t\t\t<\/div>\n\t\t\t\t\t<\/div>\n\t\t<\/div>\n\t\t\t\t\t<\/div>\n\t\t<\/section>\n\t\t\t\t<section class=\"elementor-section elementor-top-section elementor-element elementor-element-6c7297f elementor-section-boxed elementor-section-height-default elementor-section-height-default\" data-id=\"6c7297f\" data-element_type=\"section\">\n\t\t\t\t\t\t<div class=\"elementor-container elementor-column-gap-default\">\n\t\t\t\t\t<div class=\"elementor-column elementor-col-66 elementor-top-column elementor-element elementor-element-9d670d4\" data-id=\"9d670d4\" data-element_type=\"column\">\n\t\t\t<div class=\"elementor-widget-wrap elementor-element-populated\">\n\t\t\t\t\t\t<div class=\"elementor-element elementor-element-7afe967 elementor-widget elementor-widget-image\" data-id=\"7afe967\" data-element_type=\"widget\" data-widget_type=\"image.default\">\n\t\t\t\t<div class=\"elementor-widget-container\">\n\t\t\t\t\t\t\t\t\t\t\t\t\t\t\t<img fetchpriority=\"high\" decoding=\"async\" width=\"640\" height=\"427\" src=\"https:\/\/ulca-project.pf.ku.sk\/en\/wp-content\/uploads\/sites\/2\/2021\/09\/i-am-very-proud-my-pupils-768x512.jpg\" class=\"attachment-medium_large size-medium_large wp-image-69\" alt=\"\" srcset=\"https:\/\/ulca-project.pf.ku.sk\/en\/wp-content\/uploads\/sites\/2\/2021\/09\/i-am-very-proud-my-pupils-768x512.jpg 768w, https:\/\/ulca-project.pf.ku.sk\/en\/wp-content\/uploads\/sites\/2\/2021\/09\/i-am-very-proud-my-pupils-300x200.jpg 300w, https:\/\/ulca-project.pf.ku.sk\/en\/wp-content\/uploads\/sites\/2\/2021\/09\/i-am-very-proud-my-pupils-1024x682.jpg 1024w, https:\/\/ulca-project.pf.ku.sk\/en\/wp-content\/uploads\/sites\/2\/2021\/09\/i-am-very-proud-my-pupils-1536x1024.jpg 1536w, https:\/\/ulca-project.pf.ku.sk\/en\/wp-content\/uploads\/sites\/2\/2021\/09\/i-am-very-proud-my-pupils.jpg 2000w\" sizes=\"(max-width: 640px) 100vw, 640px\" \/>\t\t\t\t\t\t\t\t\t\t\t\t\t\t\t<\/div>\n\t\t\t\t<\/div>\n\t\t\t\t\t<\/div>\n\t\t<\/div>\n\t\t\t\t<div class=\"elementor-column elementor-col-33 elementor-top-column elementor-element elementor-element-ddaf9e5\" data-id=\"ddaf9e5\" data-element_type=\"column\">\n\t\t\t<div class=\"elementor-widget-wrap elementor-element-populated\">\n\t\t\t\t\t\t<div class=\"elementor-element elementor-element-5cef9c8 elementor-align-center elementor-widget elementor-widget-button\" data-id=\"5cef9c8\" data-element_type=\"widget\" data-widget_type=\"button.default\">\n\t\t\t\t<div class=\"elementor-widget-container\">\n\t\t\t\t\t\t\t\t\t<div class=\"elementor-button-wrapper\">\n\t\t\t\t\t<a class=\"elementor-button elementor-size-xl\" role=\"button\">\n\t\t\t\t\t\t<span class=\"elementor-button-content-wrapper\">\n\t\t\t\t\t\t\t\t\t<span class=\"elementor-button-text\">Zadajte svoje osobn\u00e9 \u00fadaje a z\u00edskajte pr\u00edstup k sebahodnoteniu v\u00fdberom mo\u017enost\u00ed zodpovedaj\u00facich va\u0161ej \u00farovni kompetenci\u00ed. V\u00fdsledok si budete m\u00f4c\u0165 ulo\u017ei\u0165 vo form\u00e1te PDF.<\/span>\n\t\t\t\t\t<\/span>\n\t\t\t\t\t<\/a>\n\t\t\t\t<\/div>\n\t\t\t\t\t\t\t\t<\/div>\n\t\t\t\t<\/div>\n\t\t\t\t<div class=\"elementor-element elementor-element-51f6362 elementor-widget elementor-widget-eael-creative-button\" data-id=\"51f6362\" data-element_type=\"widget\" data-widget_type=\"eael-creative-button.default\">\n\t\t\t\t<div class=\"elementor-widget-container\">\n\t\t\t\t\t        <div class=\"eael-creative-button-wrapper\">\n\n            <a class=\"eael-creative-button eael-creative-button--default\" href=\"https:\/\/ulca-project.pf.ku.sk\/en\/prebieha-sebahodnotenie-ucitela-sk\/\" data-text=\"\">\n\n\t    \n                <div class=\"creative-button-inner\">\n\n                                            <span class=\"eael-creative-button-icon-left\"><i aria-hidden=\"true\" class=\"far fa-arrow-alt-circle-right\"><\/i><\/span>                    \n                    <span class=\"cretive-button-text\">ZA\u010cA\u0164 NOV\u00c9 HODNOTENIE<\/span>\n\n                                    <\/div>\n\t                        <\/a>\n        <\/div>\n        \t\t\t\t<\/div>\n\t\t\t\t<\/div>\n\t\t\t\t\t<\/div>\n\t\t<\/div>\n\t\t\t\t\t<\/div>\n\t\t<\/section>\n\t\t\t\t<\/div>\n\t\t","protected":false},"excerpt":{"rendered":"<p>STE U\u010cITE\u013d Tu m\u00f4\u017eete ohodnoti\u0165 va\u0161e kompetencie vo v\u0161etk\u00fdch oblastiach rozvoja. M\u00f4\u017eete tie\u017e identifikova\u0165 cesty rozvoja po\u010das va\u0161ej kari\u00e9ry. Zadajte svoje osobn\u00e9 \u00fadaje a z\u00edskajte pr\u00edstup k sebahodnoteniu v\u00fdberom mo\u017enost\u00ed zodpovedaj\u00facich va\u0161ej \u00farovni kompetenci\u00ed. V\u00fdsledok si budete m\u00f4c\u0165 ulo\u017ei\u0165 vo form\u00e1te PDF. ZA\u010cA\u0164 NOV\u00c9 HODNOTENIE<\/p>\n","protected":false},"author":1,"featured_media":0,"parent":0,"menu_order":0,"comment_status":"closed","ping_status":"closed","template":"","meta":{"_monsterinsights_skip_tracking":false,"_monsterinsights_sitenote_active":false,"_monsterinsights_sitenote_note":"","_monsterinsights_sitenote_category":0,"footnotes":""},"class_list":["post-922","page","type-page","status-publish","hentry"],"yoast_head":"<!-- This site is optimized with the Yoast SEO plugin v25.4 - https:\/\/yoast.com\/wordpress\/plugins\/seo\/ -->\n<title>SEBAHODNOTENIE U\u010cITE\u013dA (SK) - Welcome to the Learner-centred Approach<\/title>\n<meta name=\"robots\" content=\"index, follow, max-snippet:-1, max-image-preview:large, max-video-preview:-1\" \/>\n<link rel=\"canonical\" href=\"https:\/\/ulca-project.pf.ku.sk\/en\/sebahodnotenie-ucitela-sk\/\" \/>\n<meta property=\"og:locale\" content=\"en_US\" \/>\n<meta property=\"og:type\" content=\"article\" \/>\n<meta property=\"og:title\" content=\"SEBAHODNOTENIE U\u010cITE\u013dA (SK) - Welcome to the Learner-centred Approach\" \/>\n<meta property=\"og:description\" content=\"STE U\u010cITE\u013d Tu m\u00f4\u017eete ohodnoti\u0165 va\u0161e kompetencie vo v\u0161etk\u00fdch oblastiach rozvoja. M\u00f4\u017eete tie\u017e identifikova\u0165 cesty rozvoja po\u010das va\u0161ej kari\u00e9ry. Zadajte svoje osobn\u00e9 \u00fadaje a z\u00edskajte pr\u00edstup k sebahodnoteniu v\u00fdberom mo\u017enost\u00ed zodpovedaj\u00facich va\u0161ej \u00farovni kompetenci\u00ed. V\u00fdsledok si budete m\u00f4c\u0165 ulo\u017ei\u0165 vo form\u00e1te PDF. ZA\u010cA\u0164 NOV\u00c9 HODNOTENIE\" \/>\n<meta property=\"og:url\" content=\"https:\/\/ulca-project.pf.ku.sk\/en\/sebahodnotenie-ucitela-sk\/\" \/>\n<meta property=\"og:site_name\" content=\"Welcome to the Learner-centred Approach\" \/>\n<meta property=\"article:modified_time\" content=\"2023-03-24T16:16:05+00:00\" \/>\n<meta property=\"og:image\" content=\"https:\/\/ulca-project.pf.ku.sk\/en\/wp-content\/uploads\/sites\/2\/2021\/09\/i-am-very-proud-my-pupils-768x512.jpg\" \/>\n<meta name=\"twitter:card\" content=\"summary_large_image\" \/>\n<meta name=\"twitter:label1\" content=\"Est. reading time\" \/>\n\t<meta name=\"twitter:data1\" content=\"1 minute\" \/>\n<script type=\"application\/ld+json\" class=\"yoast-schema-graph\">{\"@context\":\"https:\/\/schema.org\",\"@graph\":[{\"@type\":\"WebPage\",\"@id\":\"https:\/\/ulca-project.pf.ku.sk\/en\/sebahodnotenie-ucitela-sk\/\",\"url\":\"https:\/\/ulca-project.pf.ku.sk\/en\/sebahodnotenie-ucitela-sk\/\",\"name\":\"SEBAHODNOTENIE U\u010cITE\u013dA (SK) - Welcome to the Learner-centred Approach\",\"isPartOf\":{\"@id\":\"https:\/\/ulca-project.pf.ku.sk\/en\/#website\"},\"primaryImageOfPage\":{\"@id\":\"https:\/\/ulca-project.pf.ku.sk\/en\/sebahodnotenie-ucitela-sk\/#primaryimage\"},\"image\":{\"@id\":\"https:\/\/ulca-project.pf.ku.sk\/en\/sebahodnotenie-ucitela-sk\/#primaryimage\"},\"thumbnailUrl\":\"https:\/\/ulca-project.pf.ku.sk\/en\/wp-content\/uploads\/sites\/2\/2021\/09\/i-am-very-proud-my-pupils-768x512.jpg\",\"datePublished\":\"2021-12-03T19:57:34+00:00\",\"dateModified\":\"2023-03-24T16:16:05+00:00\",\"breadcrumb\":{\"@id\":\"https:\/\/ulca-project.pf.ku.sk\/en\/sebahodnotenie-ucitela-sk\/#breadcrumb\"},\"inLanguage\":\"en-US\",\"potentialAction\":[{\"@type\":\"ReadAction\",\"target\":[\"https:\/\/ulca-project.pf.ku.sk\/en\/sebahodnotenie-ucitela-sk\/\"]}]},{\"@type\":\"ImageObject\",\"inLanguage\":\"en-US\",\"@id\":\"https:\/\/ulca-project.pf.ku.sk\/en\/sebahodnotenie-ucitela-sk\/#primaryimage\",\"url\":\"https:\/\/ulca-project.pf.ku.sk\/en\/wp-content\/uploads\/sites\/2\/2021\/09\/i-am-very-proud-my-pupils.jpg\",\"contentUrl\":\"https:\/\/ulca-project.pf.ku.sk\/en\/wp-content\/uploads\/sites\/2\/2021\/09\/i-am-very-proud-my-pupils.jpg\",\"width\":2000,\"height\":1333},{\"@type\":\"BreadcrumbList\",\"@id\":\"https:\/\/ulca-project.pf.ku.sk\/en\/sebahodnotenie-ucitela-sk\/#breadcrumb\",\"itemListElement\":[{\"@type\":\"ListItem\",\"position\":1,\"name\":\"Domovsk\u00e1 str\u00e1nka\",\"item\":\"https:\/\/ulca-project.pf.ku.sk\/en\/\"},{\"@type\":\"ListItem\",\"position\":2,\"name\":\"SEBAHODNOTENIE U\u010cITE\u013dA (SK)\"}]},{\"@type\":\"WebSite\",\"@id\":\"https:\/\/ulca-project.pf.ku.sk\/en\/#website\",\"url\":\"https:\/\/ulca-project.pf.ku.sk\/en\/\",\"name\":\"Welcome to the Learner-centred Approach\",\"description\":\"ULCA Assessment site\",\"publisher\":{\"@id\":\"https:\/\/ulca-project.pf.ku.sk\/en\/#organization\"},\"potentialAction\":[{\"@type\":\"SearchAction\",\"target\":{\"@type\":\"EntryPoint\",\"urlTemplate\":\"https:\/\/ulca-project.pf.ku.sk\/en\/?s={search_term_string}\"},\"query-input\":{\"@type\":\"PropertyValueSpecification\",\"valueRequired\":true,\"valueName\":\"search_term_string\"}}],\"inLanguage\":\"en-US\"},{\"@type\":\"Organization\",\"@id\":\"https:\/\/ulca-project.pf.ku.sk\/en\/#organization\",\"name\":\"Catholic University in Ruzomberok, Faculty of Education\",\"url\":\"https:\/\/ulca-project.pf.ku.sk\/en\/\",\"logo\":{\"@type\":\"ImageObject\",\"inLanguage\":\"en-US\",\"@id\":\"https:\/\/ulca-project.pf.ku.sk\/en\/#\/schema\/logo\/image\/\",\"url\":\"https:\/\/ulca-project.pf.ku.sk\/en\/wp-content\/uploads\/sites\/2\/2021\/09\/ku-logo.png\",\"contentUrl\":\"https:\/\/ulca-project.pf.ku.sk\/en\/wp-content\/uploads\/sites\/2\/2021\/09\/ku-logo.png\",\"width\":1001,\"height\":1001,\"caption\":\"Catholic University in Ruzomberok, Faculty of Education\"},\"image\":{\"@id\":\"https:\/\/ulca-project.pf.ku.sk\/en\/#\/schema\/logo\/image\/\"}}]}<\/script>\n<!-- \/ Yoast SEO plugin. -->","yoast_head_json":{"title":"SEBAHODNOTENIE U\u010cITE\u013dA (SK) - Welcome to the Learner-centred Approach","robots":{"index":"index","follow":"follow","max-snippet":"max-snippet:-1","max-image-preview":"max-image-preview:large","max-video-preview":"max-video-preview:-1"},"canonical":"https:\/\/ulca-project.pf.ku.sk\/en\/sebahodnotenie-ucitela-sk\/","og_locale":"en_US","og_type":"article","og_title":"SEBAHODNOTENIE U\u010cITE\u013dA (SK) - Welcome to the Learner-centred Approach","og_description":"STE U\u010cITE\u013d Tu m\u00f4\u017eete ohodnoti\u0165 va\u0161e kompetencie vo v\u0161etk\u00fdch oblastiach rozvoja. M\u00f4\u017eete tie\u017e identifikova\u0165 cesty rozvoja po\u010das va\u0161ej kari\u00e9ry. Zadajte svoje osobn\u00e9 \u00fadaje a z\u00edskajte pr\u00edstup k sebahodnoteniu v\u00fdberom mo\u017enost\u00ed zodpovedaj\u00facich va\u0161ej \u00farovni kompetenci\u00ed. V\u00fdsledok si budete m\u00f4c\u0165 ulo\u017ei\u0165 vo form\u00e1te PDF. ZA\u010cA\u0164 NOV\u00c9 HODNOTENIE","og_url":"https:\/\/ulca-project.pf.ku.sk\/en\/sebahodnotenie-ucitela-sk\/","og_site_name":"Welcome to the Learner-centred Approach","article_modified_time":"2023-03-24T16:16:05+00:00","og_image":[{"url":"https:\/\/ulca-project.pf.ku.sk\/en\/wp-content\/uploads\/sites\/2\/2021\/09\/i-am-very-proud-my-pupils-768x512.jpg","type":"","width":"","height":""}],"twitter_card":"summary_large_image","twitter_misc":{"Est. reading time":"1 minute"},"schema":{"@context":"https:\/\/schema.org","@graph":[{"@type":"WebPage","@id":"https:\/\/ulca-project.pf.ku.sk\/en\/sebahodnotenie-ucitela-sk\/","url":"https:\/\/ulca-project.pf.ku.sk\/en\/sebahodnotenie-ucitela-sk\/","name":"SEBAHODNOTENIE U\u010cITE\u013dA (SK) - Welcome to the Learner-centred Approach","isPartOf":{"@id":"https:\/\/ulca-project.pf.ku.sk\/en\/#website"},"primaryImageOfPage":{"@id":"https:\/\/ulca-project.pf.ku.sk\/en\/sebahodnotenie-ucitela-sk\/#primaryimage"},"image":{"@id":"https:\/\/ulca-project.pf.ku.sk\/en\/sebahodnotenie-ucitela-sk\/#primaryimage"},"thumbnailUrl":"https:\/\/ulca-project.pf.ku.sk\/en\/wp-content\/uploads\/sites\/2\/2021\/09\/i-am-very-proud-my-pupils-768x512.jpg","datePublished":"2021-12-03T19:57:34+00:00","dateModified":"2023-03-24T16:16:05+00:00","breadcrumb":{"@id":"https:\/\/ulca-project.pf.ku.sk\/en\/sebahodnotenie-ucitela-sk\/#breadcrumb"},"inLanguage":"en-US","potentialAction":[{"@type":"ReadAction","target":["https:\/\/ulca-project.pf.ku.sk\/en\/sebahodnotenie-ucitela-sk\/"]}]},{"@type":"ImageObject","inLanguage":"en-US","@id":"https:\/\/ulca-project.pf.ku.sk\/en\/sebahodnotenie-ucitela-sk\/#primaryimage","url":"https:\/\/ulca-project.pf.ku.sk\/en\/wp-content\/uploads\/sites\/2\/2021\/09\/i-am-very-proud-my-pupils.jpg","contentUrl":"https:\/\/ulca-project.pf.ku.sk\/en\/wp-content\/uploads\/sites\/2\/2021\/09\/i-am-very-proud-my-pupils.jpg","width":2000,"height":1333},{"@type":"BreadcrumbList","@id":"https:\/\/ulca-project.pf.ku.sk\/en\/sebahodnotenie-ucitela-sk\/#breadcrumb","itemListElement":[{"@type":"ListItem","position":1,"name":"Domovsk\u00e1 str\u00e1nka","item":"https:\/\/ulca-project.pf.ku.sk\/en\/"},{"@type":"ListItem","position":2,"name":"SEBAHODNOTENIE U\u010cITE\u013dA (SK)"}]},{"@type":"WebSite","@id":"https:\/\/ulca-project.pf.ku.sk\/en\/#website","url":"https:\/\/ulca-project.pf.ku.sk\/en\/","name":"Welcome to the Learner-centred Approach","description":"ULCA Assessment site","publisher":{"@id":"https:\/\/ulca-project.pf.ku.sk\/en\/#organization"},"potentialAction":[{"@type":"SearchAction","target":{"@type":"EntryPoint","urlTemplate":"https:\/\/ulca-project.pf.ku.sk\/en\/?s={search_term_string}"},"query-input":{"@type":"PropertyValueSpecification","valueRequired":true,"valueName":"search_term_string"}}],"inLanguage":"en-US"},{"@type":"Organization","@id":"https:\/\/ulca-project.pf.ku.sk\/en\/#organization","name":"Catholic University in Ruzomberok, Faculty of Education","url":"https:\/\/ulca-project.pf.ku.sk\/en\/","logo":{"@type":"ImageObject","inLanguage":"en-US","@id":"https:\/\/ulca-project.pf.ku.sk\/en\/#\/schema\/logo\/image\/","url":"https:\/\/ulca-project.pf.ku.sk\/en\/wp-content\/uploads\/sites\/2\/2021\/09\/ku-logo.png","contentUrl":"https:\/\/ulca-project.pf.ku.sk\/en\/wp-content\/uploads\/sites\/2\/2021\/09\/ku-logo.png","width":1001,"height":1001,"caption":"Catholic University in Ruzomberok, Faculty of Education"},"image":{"@id":"https:\/\/ulca-project.pf.ku.sk\/en\/#\/schema\/logo\/image\/"}}]}},"_links":{"self":[{"href":"https:\/\/ulca-project.pf.ku.sk\/en\/wp-json\/wp\/v2\/pages\/922","targetHints":{"allow":["GET"]}}],"collection":[{"href":"https:\/\/ulca-project.pf.ku.sk\/en\/wp-json\/wp\/v2\/pages"}],"about":[{"href":"https:\/\/ulca-project.pf.ku.sk\/en\/wp-json\/wp\/v2\/types\/page"}],"author":[{"embeddable":true,"href":"https:\/\/ulca-project.pf.ku.sk\/en\/wp-json\/wp\/v2\/users\/1"}],"replies":[{"embeddable":true,"href":"https:\/\/ulca-project.pf.ku.sk\/en\/wp-json\/wp\/v2\/comments?post=922"}],"version-history":[{"count":13,"href":"https:\/\/ulca-project.pf.ku.sk\/en\/wp-json\/wp\/v2\/pages\/922\/revisions"}],"predecessor-version":[{"id":1170,"href":"https:\/\/ulca-project.pf.ku.sk\/en\/wp-json\/wp\/v2\/pages\/922\/revisions\/1170"}],"wp:attachment":[{"href":"https:\/\/ulca-project.pf.ku.sk\/en\/wp-json\/wp\/v2\/media?parent=922"}],"curies":[{"name":"wp","href":"https:\/\/api.w.org\/{rel}","templated":true}]}}