{"id":715,"date":"2021-11-29T23:38:41","date_gmt":"2021-11-29T22:38:41","guid":{"rendered":"https:\/\/ulca-project.pf.ku.sk\/en\/?page_id=715"},"modified":"2023-03-24T17:38:27","modified_gmt":"2023-03-24T16:38:27","slug":"pasniedzeja-novertejums-lv","status":"publish","type":"page","link":"https:\/\/ulca-project.pf.ku.sk\/en\/pasniedzeja-novertejums-lv\/","title":{"rendered":"PASNIEDZ\u0112JA NOV\u0112RT\u0112JUMS (LV)"},"content":{"rendered":"\t\t<div data-elementor-type=\"wp-page\" data-elementor-id=\"715\" class=\"elementor elementor-715\">\n\t\t\t\t\t\t<section class=\"elementor-section elementor-top-section elementor-element elementor-element-fd2e28a elementor-section-boxed elementor-section-height-default elementor-section-height-default\" data-id=\"fd2e28a\" data-element_type=\"section\">\n\t\t\t\t\t\t<div class=\"elementor-container elementor-column-gap-default\">\n\t\t\t\t\t<div class=\"elementor-column elementor-col-100 elementor-top-column elementor-element elementor-element-56a635f\" data-id=\"56a635f\" data-element_type=\"column\">\n\t\t\t<div class=\"elementor-widget-wrap elementor-element-populated\">\n\t\t\t\t\t\t<div class=\"elementor-element elementor-element-90df8bd elementor-widget elementor-widget-text-editor\" data-id=\"90df8bd\" data-element_type=\"widget\" data-widget_type=\"text-editor.default\">\n\t\t\t\t<div class=\"elementor-widget-container\">\n\t\t\t\t\t\t\t\t\t<h4><span style=\"font-size: 14pt;\"><span style=\"color: #000000;\"><strong><span style=\"font-size: 24pt;\">J\u016aS ESAT SKOLOT\u0100JS-PASNIEDZ\u0112JS<\/span><\/strong><\/span><\/span><\/h4><h4><span style=\"font-size: 14pt;\"><span style=\"color: #000000;\">\u0160\u012b sada\u013ca pal\u012bdz\u0113s Jums izstr\u0101d\u0101t skolot\u0101ju att\u012bst\u012bbas programmu vienam vai vair\u0101kiem skolot\u0101jiem. ULCA skolot\u0101ji-pasniedz\u0113ji izmanto \u0161o nov\u0113rt\u0113jumu, lai noteiktu jebkura skolot\u0101ja faktisko att\u012bst\u012bbas posmu un pal\u012bdz\u0113tu vi\u0146am att\u012bst\u012bties un augt saska\u0146\u0101 ar LCA TDF.<\/span><\/span><\/h4>\t\t\t\t\t\t\t\t<\/div>\n\t\t\t\t<\/div>\n\t\t\t\t\t<\/div>\n\t\t<\/div>\n\t\t\t\t\t<\/div>\n\t\t<\/section>\n\t\t\t\t<section class=\"elementor-section elementor-top-section elementor-element elementor-element-2d5743e elementor-section-boxed elementor-section-height-default elementor-section-height-default\" data-id=\"2d5743e\" data-element_type=\"section\">\n\t\t\t\t\t\t<div class=\"elementor-container elementor-column-gap-default\">\n\t\t\t\t\t<div class=\"elementor-column elementor-col-66 elementor-top-column elementor-element elementor-element-94c04db\" data-id=\"94c04db\" data-element_type=\"column\">\n\t\t\t<div class=\"elementor-widget-wrap elementor-element-populated\">\n\t\t\t\t\t\t<div class=\"elementor-element elementor-element-b7e00c1 elementor-widget elementor-widget-image\" data-id=\"b7e00c1\" data-element_type=\"widget\" data-widget_type=\"image.default\">\n\t\t\t\t<div class=\"elementor-widget-container\">\n\t\t\t\t\t\t\t\t\t\t\t\t\t\t\t<img fetchpriority=\"high\" decoding=\"async\" width=\"640\" height=\"427\" src=\"https:\/\/ulca-project.pf.ku.sk\/en\/wp-content\/uploads\/sites\/2\/2021\/09\/trainer-768x512.jpg\" class=\"attachment-medium_large size-medium_large wp-image-68\" alt=\"\" srcset=\"https:\/\/ulca-project.pf.ku.sk\/en\/wp-content\/uploads\/sites\/2\/2021\/09\/trainer-768x512.jpg 768w, https:\/\/ulca-project.pf.ku.sk\/en\/wp-content\/uploads\/sites\/2\/2021\/09\/trainer-300x200.jpg 300w, https:\/\/ulca-project.pf.ku.sk\/en\/wp-content\/uploads\/sites\/2\/2021\/09\/trainer-1024x682.jpg 1024w, https:\/\/ulca-project.pf.ku.sk\/en\/wp-content\/uploads\/sites\/2\/2021\/09\/trainer-1536x1024.jpg 1536w, https:\/\/ulca-project.pf.ku.sk\/en\/wp-content\/uploads\/sites\/2\/2021\/09\/trainer.jpg 2000w\" sizes=\"(max-width: 640px) 100vw, 640px\" \/>\t\t\t\t\t\t\t\t\t\t\t\t\t\t\t<\/div>\n\t\t\t\t<\/div>\n\t\t\t\t\t<\/div>\n\t\t<\/div>\n\t\t\t\t<div class=\"elementor-column elementor-col-33 elementor-top-column elementor-element elementor-element-9422736\" data-id=\"9422736\" data-element_type=\"column\">\n\t\t\t<div class=\"elementor-widget-wrap elementor-element-populated\">\n\t\t\t\t\t\t<div class=\"elementor-element elementor-element-7d9f30b elementor-align-center elementor-widget elementor-widget-button\" data-id=\"7d9f30b\" data-element_type=\"widget\" data-widget_type=\"button.default\">\n\t\t\t\t<div class=\"elementor-widget-container\">\n\t\t\t\t\t\t\t\t\t<div class=\"elementor-button-wrapper\">\n\t\t\t\t\t<a class=\"elementor-button elementor-size-xl\" role=\"button\">\n\t\t\t\t\t\t<span class=\"elementor-button-content-wrapper\">\n\t\t\t\t\t\t\t\t\t<span class=\"elementor-button-text\">Izveidojiet skolot\u0101ja profilu, p\u0113c tam sada\u013c\u0101 \"Inform\u0101cija par pasniedz\u0113ju\" pievienojiet savu v\u0101rdu, uzv\u0101rdu un inform\u0101ciju par iest\u0101di, kur\u0101 str\u0101d\u0101jat. J\u016bs var\u0113siet to saglab\u0101t PDF form\u0101t\u0101.<\/span>\n\t\t\t\t\t<\/span>\n\t\t\t\t\t<\/a>\n\t\t\t\t<\/div>\n\t\t\t\t\t\t\t\t<\/div>\n\t\t\t\t<\/div>\n\t\t\t\t<div class=\"elementor-element elementor-element-bcbee8a elementor-widget elementor-widget-eael-creative-button\" data-id=\"bcbee8a\" data-element_type=\"widget\" data-widget_type=\"eael-creative-button.default\">\n\t\t\t\t<div class=\"elementor-widget-container\">\n\t\t\t\t\t        <div class=\"eael-creative-button-wrapper\">\n\n            <a class=\"eael-creative-button eael-creative-button--default\" href=\"https:\/\/ulca-project.pf.ku.sk\/en\/pasniedzeja-novertejums-lv\/notiek-pasniedzeja-novertejums-lv\/\" data-text=\"\">\n\n\t    \n                <div class=\"creative-button-inner\">\n\n                                            <span class=\"eael-creative-button-icon-left\"><i aria-hidden=\"true\" class=\"far fa-arrow-alt-circle-right\"><\/i><\/span>                    \n                    <span class=\"cretive-button-text\">S\u0100C JAUNU NOV\u0112RT\u0112JUMU<\/span>\n\n                                    <\/div>\n\t                        <\/a>\n        <\/div>\n        \t\t\t\t<\/div>\n\t\t\t\t<\/div>\n\t\t\t\t\t<\/div>\n\t\t<\/div>\n\t\t\t\t\t<\/div>\n\t\t<\/section>\n\t\t\t\t<\/div>\n\t\t","protected":false},"excerpt":{"rendered":"<p>J\u016aS ESAT SKOLOT\u0100JS-PASNIEDZ\u0112JS \u0160\u012b sada\u013ca pal\u012bdz\u0113s Jums izstr\u0101d\u0101t skolot\u0101ju att\u012bst\u012bbas programmu vienam vai vair\u0101kiem skolot\u0101jiem. ULCA skolot\u0101ji-pasniedz\u0113ji izmanto \u0161o nov\u0113rt\u0113jumu, lai noteiktu jebkura skolot\u0101ja faktisko att\u012bst\u012bbas posmu un pal\u012bdz\u0113tu vi\u0146am att\u012bst\u012bties un augt saska\u0146\u0101 ar LCA TDF. Izveidojiet skolot\u0101ja profilu, p\u0113c tam sada\u013c\u0101 &#8220;Inform\u0101cija par pasniedz\u0113ju&#8221; pievienojiet savu v\u0101rdu, uzv\u0101rdu un inform\u0101ciju par iest\u0101di, kur\u0101 [&hellip;]<\/p>\n","protected":false},"author":1,"featured_media":0,"parent":0,"menu_order":0,"comment_status":"closed","ping_status":"closed","template":"","meta":{"_monsterinsights_skip_tracking":false,"_monsterinsights_sitenote_active":false,"_monsterinsights_sitenote_note":"","_monsterinsights_sitenote_category":0,"footnotes":""},"class_list":["post-715","page","type-page","status-publish","hentry"],"yoast_head":"<!-- This site is optimized with the Yoast SEO plugin v25.4 - https:\/\/yoast.com\/wordpress\/plugins\/seo\/ -->\n<title>PASNIEDZ\u0112JA NOV\u0112RT\u0112JUMS (LV) - Welcome to the Learner-centred Approach<\/title>\n<meta name=\"robots\" content=\"index, follow, max-snippet:-1, max-image-preview:large, max-video-preview:-1\" \/>\n<link rel=\"canonical\" href=\"https:\/\/ulca-project.pf.ku.sk\/en\/pasniedzeja-novertejums-lv\/\" \/>\n<meta property=\"og:locale\" content=\"en_US\" \/>\n<meta property=\"og:type\" content=\"article\" \/>\n<meta property=\"og:title\" content=\"PASNIEDZ\u0112JA NOV\u0112RT\u0112JUMS (LV) - Welcome to the Learner-centred Approach\" \/>\n<meta property=\"og:description\" content=\"J\u016aS ESAT SKOLOT\u0100JS-PASNIEDZ\u0112JS \u0160\u012b sada\u013ca pal\u012bdz\u0113s Jums izstr\u0101d\u0101t skolot\u0101ju att\u012bst\u012bbas programmu vienam vai vair\u0101kiem skolot\u0101jiem. ULCA skolot\u0101ji-pasniedz\u0113ji izmanto \u0161o nov\u0113rt\u0113jumu, lai noteiktu jebkura skolot\u0101ja faktisko att\u012bst\u012bbas posmu un pal\u012bdz\u0113tu vi\u0146am att\u012bst\u012bties un augt saska\u0146\u0101 ar LCA TDF. Izveidojiet skolot\u0101ja profilu, p\u0113c tam sada\u013c\u0101 &#8220;Inform\u0101cija par pasniedz\u0113ju&#8221; pievienojiet savu v\u0101rdu, uzv\u0101rdu un inform\u0101ciju par iest\u0101di, kur\u0101 [&hellip;]\" \/>\n<meta property=\"og:url\" content=\"https:\/\/ulca-project.pf.ku.sk\/en\/pasniedzeja-novertejums-lv\/\" \/>\n<meta property=\"og:site_name\" content=\"Welcome to the Learner-centred Approach\" \/>\n<meta property=\"article:modified_time\" content=\"2023-03-24T16:38:27+00:00\" \/>\n<meta property=\"og:image\" content=\"https:\/\/ulca-project.pf.ku.sk\/en\/wp-content\/uploads\/sites\/2\/2021\/09\/trainer-768x512.jpg\" \/>\n<meta name=\"twitter:card\" content=\"summary_large_image\" \/>\n<meta name=\"twitter:label1\" content=\"Est. reading time\" \/>\n\t<meta name=\"twitter:data1\" content=\"1 minute\" \/>\n<script type=\"application\/ld+json\" class=\"yoast-schema-graph\">{\"@context\":\"https:\/\/schema.org\",\"@graph\":[{\"@type\":\"WebPage\",\"@id\":\"https:\/\/ulca-project.pf.ku.sk\/en\/pasniedzeja-novertejums-lv\/\",\"url\":\"https:\/\/ulca-project.pf.ku.sk\/en\/pasniedzeja-novertejums-lv\/\",\"name\":\"PASNIEDZ\u0112JA NOV\u0112RT\u0112JUMS (LV) - Welcome to the Learner-centred Approach\",\"isPartOf\":{\"@id\":\"https:\/\/ulca-project.pf.ku.sk\/en\/#website\"},\"primaryImageOfPage\":{\"@id\":\"https:\/\/ulca-project.pf.ku.sk\/en\/pasniedzeja-novertejums-lv\/#primaryimage\"},\"image\":{\"@id\":\"https:\/\/ulca-project.pf.ku.sk\/en\/pasniedzeja-novertejums-lv\/#primaryimage\"},\"thumbnailUrl\":\"https:\/\/ulca-project.pf.ku.sk\/en\/wp-content\/uploads\/sites\/2\/2021\/09\/trainer-768x512.jpg\",\"datePublished\":\"2021-11-29T22:38:41+00:00\",\"dateModified\":\"2023-03-24T16:38:27+00:00\",\"breadcrumb\":{\"@id\":\"https:\/\/ulca-project.pf.ku.sk\/en\/pasniedzeja-novertejums-lv\/#breadcrumb\"},\"inLanguage\":\"en-US\",\"potentialAction\":[{\"@type\":\"ReadAction\",\"target\":[\"https:\/\/ulca-project.pf.ku.sk\/en\/pasniedzeja-novertejums-lv\/\"]}]},{\"@type\":\"ImageObject\",\"inLanguage\":\"en-US\",\"@id\":\"https:\/\/ulca-project.pf.ku.sk\/en\/pasniedzeja-novertejums-lv\/#primaryimage\",\"url\":\"https:\/\/ulca-project.pf.ku.sk\/en\/wp-content\/uploads\/sites\/2\/2021\/09\/trainer.jpg\",\"contentUrl\":\"https:\/\/ulca-project.pf.ku.sk\/en\/wp-content\/uploads\/sites\/2\/2021\/09\/trainer.jpg\",\"width\":2000,\"height\":1333},{\"@type\":\"BreadcrumbList\",\"@id\":\"https:\/\/ulca-project.pf.ku.sk\/en\/pasniedzeja-novertejums-lv\/#breadcrumb\",\"itemListElement\":[{\"@type\":\"ListItem\",\"position\":1,\"name\":\"Domovsk\u00e1 str\u00e1nka\",\"item\":\"https:\/\/ulca-project.pf.ku.sk\/en\/\"},{\"@type\":\"ListItem\",\"position\":2,\"name\":\"PASNIEDZ\u0112JA NOV\u0112RT\u0112JUMS (LV)\"}]},{\"@type\":\"WebSite\",\"@id\":\"https:\/\/ulca-project.pf.ku.sk\/en\/#website\",\"url\":\"https:\/\/ulca-project.pf.ku.sk\/en\/\",\"name\":\"Welcome to the Learner-centred Approach\",\"description\":\"ULCA Assessment site\",\"publisher\":{\"@id\":\"https:\/\/ulca-project.pf.ku.sk\/en\/#organization\"},\"potentialAction\":[{\"@type\":\"SearchAction\",\"target\":{\"@type\":\"EntryPoint\",\"urlTemplate\":\"https:\/\/ulca-project.pf.ku.sk\/en\/?s={search_term_string}\"},\"query-input\":{\"@type\":\"PropertyValueSpecification\",\"valueRequired\":true,\"valueName\":\"search_term_string\"}}],\"inLanguage\":\"en-US\"},{\"@type\":\"Organization\",\"@id\":\"https:\/\/ulca-project.pf.ku.sk\/en\/#organization\",\"name\":\"Catholic University in Ruzomberok, Faculty of Education\",\"url\":\"https:\/\/ulca-project.pf.ku.sk\/en\/\",\"logo\":{\"@type\":\"ImageObject\",\"inLanguage\":\"en-US\",\"@id\":\"https:\/\/ulca-project.pf.ku.sk\/en\/#\/schema\/logo\/image\/\",\"url\":\"https:\/\/ulca-project.pf.ku.sk\/en\/wp-content\/uploads\/sites\/2\/2021\/09\/ku-logo.png\",\"contentUrl\":\"https:\/\/ulca-project.pf.ku.sk\/en\/wp-content\/uploads\/sites\/2\/2021\/09\/ku-logo.png\",\"width\":1001,\"height\":1001,\"caption\":\"Catholic University in Ruzomberok, Faculty of Education\"},\"image\":{\"@id\":\"https:\/\/ulca-project.pf.ku.sk\/en\/#\/schema\/logo\/image\/\"}}]}<\/script>\n<!-- \/ Yoast SEO plugin. -->","yoast_head_json":{"title":"PASNIEDZ\u0112JA NOV\u0112RT\u0112JUMS (LV) - Welcome to the Learner-centred Approach","robots":{"index":"index","follow":"follow","max-snippet":"max-snippet:-1","max-image-preview":"max-image-preview:large","max-video-preview":"max-video-preview:-1"},"canonical":"https:\/\/ulca-project.pf.ku.sk\/en\/pasniedzeja-novertejums-lv\/","og_locale":"en_US","og_type":"article","og_title":"PASNIEDZ\u0112JA NOV\u0112RT\u0112JUMS (LV) - Welcome to the Learner-centred Approach","og_description":"J\u016aS ESAT SKOLOT\u0100JS-PASNIEDZ\u0112JS \u0160\u012b sada\u013ca pal\u012bdz\u0113s Jums izstr\u0101d\u0101t skolot\u0101ju att\u012bst\u012bbas programmu vienam vai vair\u0101kiem skolot\u0101jiem. ULCA skolot\u0101ji-pasniedz\u0113ji izmanto \u0161o nov\u0113rt\u0113jumu, lai noteiktu jebkura skolot\u0101ja faktisko att\u012bst\u012bbas posmu un pal\u012bdz\u0113tu vi\u0146am att\u012bst\u012bties un augt saska\u0146\u0101 ar LCA TDF. Izveidojiet skolot\u0101ja profilu, p\u0113c tam sada\u013c\u0101 &#8220;Inform\u0101cija par pasniedz\u0113ju&#8221; pievienojiet savu v\u0101rdu, uzv\u0101rdu un inform\u0101ciju par iest\u0101di, kur\u0101 [&hellip;]","og_url":"https:\/\/ulca-project.pf.ku.sk\/en\/pasniedzeja-novertejums-lv\/","og_site_name":"Welcome to the Learner-centred Approach","article_modified_time":"2023-03-24T16:38:27+00:00","og_image":[{"url":"https:\/\/ulca-project.pf.ku.sk\/en\/wp-content\/uploads\/sites\/2\/2021\/09\/trainer-768x512.jpg","type":"","width":"","height":""}],"twitter_card":"summary_large_image","twitter_misc":{"Est. reading time":"1 minute"},"schema":{"@context":"https:\/\/schema.org","@graph":[{"@type":"WebPage","@id":"https:\/\/ulca-project.pf.ku.sk\/en\/pasniedzeja-novertejums-lv\/","url":"https:\/\/ulca-project.pf.ku.sk\/en\/pasniedzeja-novertejums-lv\/","name":"PASNIEDZ\u0112JA NOV\u0112RT\u0112JUMS (LV) - Welcome to the Learner-centred Approach","isPartOf":{"@id":"https:\/\/ulca-project.pf.ku.sk\/en\/#website"},"primaryImageOfPage":{"@id":"https:\/\/ulca-project.pf.ku.sk\/en\/pasniedzeja-novertejums-lv\/#primaryimage"},"image":{"@id":"https:\/\/ulca-project.pf.ku.sk\/en\/pasniedzeja-novertejums-lv\/#primaryimage"},"thumbnailUrl":"https:\/\/ulca-project.pf.ku.sk\/en\/wp-content\/uploads\/sites\/2\/2021\/09\/trainer-768x512.jpg","datePublished":"2021-11-29T22:38:41+00:00","dateModified":"2023-03-24T16:38:27+00:00","breadcrumb":{"@id":"https:\/\/ulca-project.pf.ku.sk\/en\/pasniedzeja-novertejums-lv\/#breadcrumb"},"inLanguage":"en-US","potentialAction":[{"@type":"ReadAction","target":["https:\/\/ulca-project.pf.ku.sk\/en\/pasniedzeja-novertejums-lv\/"]}]},{"@type":"ImageObject","inLanguage":"en-US","@id":"https:\/\/ulca-project.pf.ku.sk\/en\/pasniedzeja-novertejums-lv\/#primaryimage","url":"https:\/\/ulca-project.pf.ku.sk\/en\/wp-content\/uploads\/sites\/2\/2021\/09\/trainer.jpg","contentUrl":"https:\/\/ulca-project.pf.ku.sk\/en\/wp-content\/uploads\/sites\/2\/2021\/09\/trainer.jpg","width":2000,"height":1333},{"@type":"BreadcrumbList","@id":"https:\/\/ulca-project.pf.ku.sk\/en\/pasniedzeja-novertejums-lv\/#breadcrumb","itemListElement":[{"@type":"ListItem","position":1,"name":"Domovsk\u00e1 str\u00e1nka","item":"https:\/\/ulca-project.pf.ku.sk\/en\/"},{"@type":"ListItem","position":2,"name":"PASNIEDZ\u0112JA NOV\u0112RT\u0112JUMS (LV)"}]},{"@type":"WebSite","@id":"https:\/\/ulca-project.pf.ku.sk\/en\/#website","url":"https:\/\/ulca-project.pf.ku.sk\/en\/","name":"Welcome to the Learner-centred Approach","description":"ULCA Assessment site","publisher":{"@id":"https:\/\/ulca-project.pf.ku.sk\/en\/#organization"},"potentialAction":[{"@type":"SearchAction","target":{"@type":"EntryPoint","urlTemplate":"https:\/\/ulca-project.pf.ku.sk\/en\/?s={search_term_string}"},"query-input":{"@type":"PropertyValueSpecification","valueRequired":true,"valueName":"search_term_string"}}],"inLanguage":"en-US"},{"@type":"Organization","@id":"https:\/\/ulca-project.pf.ku.sk\/en\/#organization","name":"Catholic University in Ruzomberok, Faculty of Education","url":"https:\/\/ulca-project.pf.ku.sk\/en\/","logo":{"@type":"ImageObject","inLanguage":"en-US","@id":"https:\/\/ulca-project.pf.ku.sk\/en\/#\/schema\/logo\/image\/","url":"https:\/\/ulca-project.pf.ku.sk\/en\/wp-content\/uploads\/sites\/2\/2021\/09\/ku-logo.png","contentUrl":"https:\/\/ulca-project.pf.ku.sk\/en\/wp-content\/uploads\/sites\/2\/2021\/09\/ku-logo.png","width":1001,"height":1001,"caption":"Catholic University in Ruzomberok, Faculty of Education"},"image":{"@id":"https:\/\/ulca-project.pf.ku.sk\/en\/#\/schema\/logo\/image\/"}}]}},"_links":{"self":[{"href":"https:\/\/ulca-project.pf.ku.sk\/en\/wp-json\/wp\/v2\/pages\/715","targetHints":{"allow":["GET"]}}],"collection":[{"href":"https:\/\/ulca-project.pf.ku.sk\/en\/wp-json\/wp\/v2\/pages"}],"about":[{"href":"https:\/\/ulca-project.pf.ku.sk\/en\/wp-json\/wp\/v2\/types\/page"}],"author":[{"embeddable":true,"href":"https:\/\/ulca-project.pf.ku.sk\/en\/wp-json\/wp\/v2\/users\/1"}],"replies":[{"embeddable":true,"href":"https:\/\/ulca-project.pf.ku.sk\/en\/wp-json\/wp\/v2\/comments?post=715"}],"version-history":[{"count":16,"href":"https:\/\/ulca-project.pf.ku.sk\/en\/wp-json\/wp\/v2\/pages\/715\/revisions"}],"predecessor-version":[{"id":1246,"href":"https:\/\/ulca-project.pf.ku.sk\/en\/wp-json\/wp\/v2\/pages\/715\/revisions\/1246"}],"wp:attachment":[{"href":"https:\/\/ulca-project.pf.ku.sk\/en\/wp-json\/wp\/v2\/media?parent=715"}],"curies":[{"name":"wp","href":"https:\/\/api.w.org\/{rel}","templated":true}]}}